{"id":5902,"date":"2024-04-29T10:21:07","date_gmt":"2024-04-29T10:21:07","guid":{"rendered":"https:\/\/ultratendencyaca-urouz8wsum.live-website.com\/bedingungen-konditionen\/"},"modified":"2024-04-29T10:21:07","modified_gmt":"2024-04-29T10:21:07","slug":"bedingungen-konditionen","status":"publish","type":"page","link":"https:\/\/ultratendency.academy\/de\/bedingungen-konditionen\/","title":{"rendered":"Bedingungen &amp; Konditionen"},"content":{"rendered":"<div class=\"rich-text-content prose prose-neutral tablet:prose-xl mx-auto text-foreground prose-headings:text-foreground prose-strong:text-foreground prose-ul:ml-0 prose-a:text-primary prose-a:no-underline prose-blockquote:border-primary prose-blockquote:text-muted-foreground prose-h2:scroll-m-40\">\n<h1 style=\"text-align: center;\"><span style=\"color: #ffffff;\"><strong>Bedingungen und Konditionen  <\/strong> <\/span><\/h1>\n<p style=\"text-align: center;\"><span style=\"color: #ffffff;\">Allgemeine Gesch\u00e4ftsbedingungen der Ultra Tendency Academy GmbH (UTA) f\u00fcr Trainingskurse, Seminare und Workshops, die online oder vor Ort bei unseren Kunden durchgef\u00fchrt werden.  <\/span><\/p>\n<h2 id=\"41b711931668e554306e93759c999c28\" style=\"text-align: center;\" data-scroll-id=\"41b711931668e554306e93759c999c28\"><span style=\"color: #ffffff;\"><strong>Vertragsabschluss\/Registrierung<\/strong> <\/span><\/h2>\n<p style=\"text-align: center;\"><span style=\"color: #ffffff;\">Anfragen sind nicht bindend, werden aber als Aufforderung zur Abgabe eines Angebots verstanden und behandelt. Bei Interesse wird UTA dem Interessenten ein verbindliches Angebot unterbreiten. Ein Auftrag kommt nur zustande, wenn der Interessent dieses Angebot in Textform (z.B. per Fax oder E-Mail) innerhalb der dort gesetzten Frist annimmt.  <\/span><\/p>\n<p style=\"text-align: center;\"><span style=\"color: #ffffff;\">Anmeldungen f\u00fcr Schulungen im Online-Shop erfolgen schriftlich \u00fcber unsere Website. Wir ben\u00f6tigen den Namen des Teilnehmers und die vollst\u00e4ndige Firmenadresse oder Rechnungsadresse mit Telefonnummer und E-Mail-Adresse. Ihre Anmeldung ist verbindlich und wird von uns in der Reihenfolge des Eingangs der Anmeldungen gebucht.  <\/span><\/p>\n<p style=\"text-align: center;\"><span style=\"color: #ffffff;\">Es gelten die am Tag der Buchung im Online-Shop angegebenen Preise. Wir werden die Teilnahmegeb\u00fchren kurz nach der verbindlichen Anmeldung in Rechnung stellen. Die Zahlung der Teilnahmegeb\u00fchren ist eine Voraussetzung f\u00fcr den Erhalt der Zugangsdaten f\u00fcr den gebuchten Trainingskurs.  <\/span><\/p>\n<h2 id=\"ad1512e57968b54582b9b99ac70f42ea\" style=\"text-align: center;\" data-scroll-id=\"ad1512e57968b54582b9b99ac70f42ea\"><span style=\"color: #ffffff;\"><strong>Art und Umfang der Dienstleistung<\/strong> <\/span><\/h2>\n<p style=\"text-align: center;\"><span style=\"color: #ffffff;\">Die Ultra Tendency Academy bietet offene Seminare, Firmenschulungen, Workshops und auch Coaching in ihren R\u00e4umen, in den mit dem Kunden vereinbarten R\u00e4umen und virtuell an.  <\/span><\/p>\n<p style=\"text-align: center;\"><span style=\"color: #ffffff;\">Offene Seminare sind solche, die von der Ultra Tendency Academy als allgemein f\u00fcr Teilnehmer offen ausgeschrieben werden, wobei eine Mindest- und\/oder H\u00f6chstteilnehmerzahl festgelegt werden kann.  <\/span><\/p>\n<p style=\"text-align: center;\"><span style=\"color: #ffffff;\">F\u00fcr Firmenseminare sowie Workshops und Coaching werden die Leistungsdetails in Einzelvertr\u00e4gen festgelegt. F\u00fcr Seminare in den R\u00e4umlichkeiten des Kunden stellt der Kunde die notwendige und geeignete Infrastruktur, insbesondere Seminarr\u00e4ume und Seminarausstattung, installierte Soft- und Hardware sowie Zugangsrechte zur Verf\u00fcgung. Auf Anfrage stellt Ultra Tendency Academy dem Kunden rechtzeitig eine Liste mit den erforderlichen Anforderungen zur Verf\u00fcgung.  <\/span><\/p>\n<h2 id=\"468540ff9c91e3bca324e533f89f5513\" style=\"text-align: center;\" data-scroll-id=\"468540ff9c91e3bca324e533f89f5513\"><span style=\"color: #ffffff;\"><strong>Repr\u00e4sentation<\/strong> <\/span><\/h2>\n<p style=\"text-align: center;\"><span style=\"color: #ffffff;\">Sie k\u00f6nnen jederzeit einen Vertreter anstelle des registrierten Teilnehmers benennen. Es entstehen f\u00fcr Sie keine zus\u00e4tzlichen Kosten.  <\/span><\/p>\n<h2 id=\"a234fd7b1d2ad48dce04ad0a353f5963\" style=\"text-align: center;\" data-scroll-id=\"a234fd7b1d2ad48dce04ad0a353f5963\"><span style=\"color: #ffffff;\"><strong>Umbuchung<\/strong> <\/span><\/h2>\n<p style=\"text-align: center;\"><span style=\"color: #ffffff;\">Sie k\u00f6nnen einmal auf einen anderen Kurs umbuchen. Bitte senden Sie uns Ihre formlose Anfrage an <a style=\"color: #ffffff;\" href=\"mailto:info@ultratendency.academy\" target=\"_blank\" rel=\"noopener noreferrer nofollow\"><br \/>\n  <u>info@ultratendency.academy<\/u><br \/>\n<\/a> und teilen Sie uns einen neuen Termin auf der Grundlage unserer Verf\u00fcgbarkeit auf der Website mit.  <\/span><\/p>\n<p style=\"text-align: center;\"><span style=\"color: #ffffff;\">&#8211; Umbuchung bis zu 2 Wochen vor Beginn der Veranstaltung oder des Kurses: kostenlos  <\/span><\/p>\n<p style=\"text-align: center;\"><span style=\"color: #ffffff;\">&#8211; Umbuchung ab 2 Wochen vor Beginn der Veranstaltung oder des Kurses: 30% der Teilnahmegeb\u00fchren zzgl. MwSt.  <\/span><\/p>\n<p style=\"text-align: center;\"><span style=\"color: #ffffff;\">&#8211; Umbuchung ab 24 Stunden vor Beginn der Veranstaltung oder des Kurses: 75% der Teilnahmegeb\u00fchren zuz\u00fcglich Mehrwertsteuer.  <\/span><\/p>\n<h2 id=\"2261acde2512bde7867901eddbc6e70a\" style=\"text-align: center;\" data-scroll-id=\"2261acde2512bde7867901eddbc6e70a\"><span style=\"color: #ffffff;\"><strong>Stornierung<\/strong> <\/span><\/h2>\n<p style=\"text-align: center;\"><span style=\"color: #ffffff;\">Wenn Sie einen Vertrag k\u00fcndigen m\u00f6chten, k\u00f6nnen Sie dies jederzeit tun. Bitte beachten Sie jedoch die folgenden Stornierungsgeb\u00fchren:  <\/span><\/p>\n<p style=\"text-align: center;\"><span style=\"color: #ffffff;\">&#8211; Stornierung bis zu 2 Wochen vor Beginn der Veranstaltung oder des Kurses: 30% der Teilnahmegeb\u00fchren zuz\u00fcglich Mehrwertsteuer.  <\/span><\/p>\n<p style=\"text-align: center;\"><span style=\"color: #ffffff;\">&#8211; Stornierung ab 2 Wochen vor Beginn der Veranstaltung oder des Kurses: die volle Teilnahmegeb\u00fchr zuz\u00fcglich Mehrwertsteuer. Dies gilt auch, wenn der angemeldete Teilnehmer nicht erscheint.  <\/span><\/p>\n<h2 id=\"ac2439ea253c5cf809200c333f295443\" style=\"text-align: center;\" data-scroll-id=\"ac2439ea253c5cf809200c333f295443\"><span style=\"color: #ffffff;\"><strong>Absage von Veranstaltungen<\/strong> <\/span><\/h2>\n<p style=\"text-align: center;\"><span style=\"color: #ffffff;\">Wir behalten uns das Recht vor, die Veranstaltung wegen zu geringer Nachfrage oder Teilnehmerzahl oder aus anderen wichtigen Gr\u00fcnden, die wir nicht zu vertreten haben (z.B. pl\u00f6tzliche Erkrankung des Referenten, h\u00f6here Gewalt), abzusagen. In einem ersten Schritt werden wir Ihnen einen alternativen Termin vorschlagen. Wenn Sie Ihren Vertrag k\u00fcndigen m\u00f6chten, ist dies selbstverst\u00e4ndlich nach einer K\u00fcndigung unsererseits m\u00f6glich. Bereits gezahlte Teilnahmegeb\u00fchren werden Ihnen zur\u00fcckerstattet.  <\/span><\/p>\n<h2 id=\"5bdf02023e35bd40c691efdecf124329\" style=\"text-align: center;\" data-scroll-id=\"5bdf02023e35bd40c691efdecf124329\"><span style=\"color: #ffffff;\"><strong>Einbehaltung des Titels und Verwendung des Lehrmaterials<\/strong> <\/span><\/h2>\n<p style=\"text-align: center;\"><span style=\"color: #ffffff;\">Sie erhalten vor oder nach jedem unserer Kurse Unterrichtsmaterial. Wir behalten uns das uneingeschr\u00e4nkte Eigentum an allen Lieferungen von Lehrmaterial vor, bis alle Zahlungsverpflichtungen vom Kunden vollst\u00e4ndig erf\u00fcllt sind. Die Weitergabe von Lehrmaterial an Dritte oder die Verbreitung in irgendeiner Form ist nicht gestattet.  <\/span><\/p>\n<h2 id=\"6a827856bcff202b363d15cfac486e55\" style=\"text-align: center;\" data-scroll-id=\"6a827856bcff202b363d15cfac486e55\"><span style=\"color: #ffffff;\"><strong>Zahlungsarten und Zahlungsbedingungen<\/strong> <\/span><\/h2>\n<p style=\"text-align: center;\"><span style=\"color: #ffffff;\">Die Ultra Tendency Academy bietet eine Vielzahl von Zahlungsm\u00f6glichkeiten an, um unserer vielf\u00e4ltigen Kundschaft gerecht zu werden. Dazu geh\u00f6ren unter anderem Kredit-\/Debitkartenzahlungen, Bank\u00fcberweisungen und Zahlungsgateways wie Klarna. Alle finanziellen Transaktionen werden verschl\u00fcsselt und gesichert, um die sensiblen Daten unserer Kunden zu sch\u00fctzen.  <\/span><\/p>\n<p style=\"text-align: center;\"><span style=\"color: #ffffff;\">Bei der Auswahl einer Zahlungsmethode sollten Kunden sicherstellen, dass diese die notwendigen Voraussetzungen f\u00fcr erfolgreiche Transaktionen erf\u00fcllt. Dazu geh\u00f6ren die Sicherstellung einer ausreichenden Deckung, die Angabe korrekter Informationen und alle anderen Voraussetzungen, die f\u00fcr die gew\u00e4hlte Zahlungsmethode gelten.  <\/span><\/p>\n<p style=\"text-align: center;\"><span style=\"color: #ffffff;\">Jegliche Zahlungsdiskrepanzen oder -ausf\u00e4lle sollten dem Kundenservice von Ultra Tendency Academy unverz\u00fcglich gemeldet werden, damit eine schnelle L\u00f6sung gefunden werden kann. Zahlungsverz\u00f6gerungen k\u00f6nnen dazu f\u00fchren, dass die Lieferung aufgeschoben oder die Bestellung storniert wird.  <\/span><\/p>\n<\/div>\n","protected":false},"excerpt":{"rendered":"<p>Bedingungen und Konditionen Allgemeine Gesch\u00e4ftsbedingungen der Ultra Tendency Academy GmbH (UTA) f\u00fcr Trainingskurse, Seminare und Workshops, die online oder vor Ort bei unseren Kunden durchgef\u00fchrt werden. Vertragsabschluss\/Registrierung Anfragen sind nicht bindend, werden aber als Aufforderung zur Abgabe eines Angebots verstanden und behandelt. Bei Interesse wird UTA dem Interessenten ein verbindliches Angebot unterbreiten. Ein Auftrag kommt<\/p>\n","protected":false},"author":1,"featured_media":0,"parent":0,"menu_order":0,"comment_status":"closed","ping_status":"closed","template":"","meta":{"footnotes":""},"class_list":["post-5902","page","type-page","status-publish","hentry"],"yoast_head":"<!-- This site is optimized with the Yoast SEO plugin v27.4 - https:\/\/yoast.com\/product\/yoast-seo-wordpress\/ -->\n<title>Bedingungen &amp; Konditionen - Ultra Tendency Academy<\/title>\n<meta name=\"robots\" content=\"index, follow, max-snippet:-1, max-image-preview:large, max-video-preview:-1\" \/>\n<link rel=\"canonical\" href=\"https:\/\/ultratendency.academy\/de\/bedingungen-konditionen\/\" \/>\n<meta property=\"og:locale\" content=\"de_DE\" \/>\n<meta property=\"og:type\" content=\"article\" \/>\n<meta property=\"og:title\" content=\"Bedingungen &amp; Konditionen - Ultra Tendency Academy\" \/>\n<meta property=\"og:description\" content=\"Bedingungen und Konditionen Allgemeine Gesch\u00e4ftsbedingungen der Ultra Tendency Academy GmbH (UTA) f\u00fcr Trainingskurse, Seminare und Workshops, die online oder vor Ort bei unseren Kunden durchgef\u00fchrt werden. Vertragsabschluss\/Registrierung Anfragen sind nicht bindend, werden aber als Aufforderung zur Abgabe eines Angebots verstanden und behandelt. Bei Interesse wird UTA dem Interessenten ein verbindliches Angebot unterbreiten. Ein Auftrag kommt\" \/>\n<meta property=\"og:url\" content=\"https:\/\/ultratendency.academy\/de\/bedingungen-konditionen\/\" \/>\n<meta property=\"og:site_name\" content=\"Ultra Tendency Academy\" \/>\n<meta name=\"twitter:card\" content=\"summary_large_image\" \/>\n<meta name=\"twitter:label1\" content=\"Gesch\u00e4tzte Lesezeit\" \/>\n\t<meta name=\"twitter:data1\" content=\"4\u00a0Minuten\" \/>\n<script type=\"application\/ld+json\" class=\"yoast-schema-graph\">{\"@context\":\"https:\\\/\\\/schema.org\",\"@graph\":[{\"@type\":\"WebPage\",\"@id\":\"https:\\\/\\\/ultratendency.academy\\\/de\\\/bedingungen-konditionen\\\/\",\"url\":\"https:\\\/\\\/ultratendency.academy\\\/de\\\/bedingungen-konditionen\\\/\",\"name\":\"Bedingungen &amp; Konditionen - Ultra Tendency Academy\",\"isPartOf\":{\"@id\":\"https:\\\/\\\/ultratendency.academy\\\/de\\\/#website\"},\"datePublished\":\"2024-04-29T10:21:07+00:00\",\"breadcrumb\":{\"@id\":\"https:\\\/\\\/ultratendency.academy\\\/de\\\/bedingungen-konditionen\\\/#breadcrumb\"},\"inLanguage\":\"de\",\"potentialAction\":[{\"@type\":\"ReadAction\",\"target\":[\"https:\\\/\\\/ultratendency.academy\\\/de\\\/bedingungen-konditionen\\\/\"]}]},{\"@type\":\"BreadcrumbList\",\"@id\":\"https:\\\/\\\/ultratendency.academy\\\/de\\\/bedingungen-konditionen\\\/#breadcrumb\",\"itemListElement\":[{\"@type\":\"ListItem\",\"position\":1,\"name\":\"Startseite\",\"item\":\"https:\\\/\\\/ultratendency.academy\\\/de\\\/\"},{\"@type\":\"ListItem\",\"position\":2,\"name\":\"Bedingungen &amp; Konditionen\"}]},{\"@type\":\"WebSite\",\"@id\":\"https:\\\/\\\/ultratendency.academy\\\/de\\\/#website\",\"url\":\"https:\\\/\\\/ultratendency.academy\\\/de\\\/\",\"name\":\"Ultra Tendency Academy\",\"description\":\"News &amp; Expertentipps aus der IT-Branche\",\"potentialAction\":[{\"@type\":\"SearchAction\",\"target\":{\"@type\":\"EntryPoint\",\"urlTemplate\":\"https:\\\/\\\/ultratendency.academy\\\/de\\\/?s={search_term_string}\"},\"query-input\":{\"@type\":\"PropertyValueSpecification\",\"valueRequired\":true,\"valueName\":\"search_term_string\"}}],\"inLanguage\":\"de\"}]}<\/script>\n<!-- \/ Yoast SEO plugin. -->","yoast_head_json":{"title":"Bedingungen &amp; Konditionen - Ultra Tendency Academy","robots":{"index":"index","follow":"follow","max-snippet":"max-snippet:-1","max-image-preview":"max-image-preview:large","max-video-preview":"max-video-preview:-1"},"canonical":"https:\/\/ultratendency.academy\/de\/bedingungen-konditionen\/","og_locale":"de_DE","og_type":"article","og_title":"Bedingungen &amp; Konditionen - Ultra Tendency Academy","og_description":"Bedingungen und Konditionen Allgemeine Gesch\u00e4ftsbedingungen der Ultra Tendency Academy GmbH (UTA) f\u00fcr Trainingskurse, Seminare und Workshops, die online oder vor Ort bei unseren Kunden durchgef\u00fchrt werden. Vertragsabschluss\/Registrierung Anfragen sind nicht bindend, werden aber als Aufforderung zur Abgabe eines Angebots verstanden und behandelt. Bei Interesse wird UTA dem Interessenten ein verbindliches Angebot unterbreiten. Ein Auftrag kommt","og_url":"https:\/\/ultratendency.academy\/de\/bedingungen-konditionen\/","og_site_name":"Ultra Tendency Academy","twitter_card":"summary_large_image","twitter_misc":{"Gesch\u00e4tzte Lesezeit":"4\u00a0Minuten"},"schema":{"@context":"https:\/\/schema.org","@graph":[{"@type":"WebPage","@id":"https:\/\/ultratendency.academy\/de\/bedingungen-konditionen\/","url":"https:\/\/ultratendency.academy\/de\/bedingungen-konditionen\/","name":"Bedingungen &amp; Konditionen - Ultra Tendency Academy","isPartOf":{"@id":"https:\/\/ultratendency.academy\/de\/#website"},"datePublished":"2024-04-29T10:21:07+00:00","breadcrumb":{"@id":"https:\/\/ultratendency.academy\/de\/bedingungen-konditionen\/#breadcrumb"},"inLanguage":"de","potentialAction":[{"@type":"ReadAction","target":["https:\/\/ultratendency.academy\/de\/bedingungen-konditionen\/"]}]},{"@type":"BreadcrumbList","@id":"https:\/\/ultratendency.academy\/de\/bedingungen-konditionen\/#breadcrumb","itemListElement":[{"@type":"ListItem","position":1,"name":"Startseite","item":"https:\/\/ultratendency.academy\/de\/"},{"@type":"ListItem","position":2,"name":"Bedingungen &amp; Konditionen"}]},{"@type":"WebSite","@id":"https:\/\/ultratendency.academy\/de\/#website","url":"https:\/\/ultratendency.academy\/de\/","name":"Ultra Tendency Academy","description":"News &amp; Expertentipps aus der IT-Branche","potentialAction":[{"@type":"SearchAction","target":{"@type":"EntryPoint","urlTemplate":"https:\/\/ultratendency.academy\/de\/?s={search_term_string}"},"query-input":{"@type":"PropertyValueSpecification","valueRequired":true,"valueName":"search_term_string"}}],"inLanguage":"de"}]}},"_links":{"self":[{"href":"https:\/\/ultratendency.academy\/de\/wp-json\/wp\/v2\/pages\/5902","targetHints":{"allow":["GET"]}}],"collection":[{"href":"https:\/\/ultratendency.academy\/de\/wp-json\/wp\/v2\/pages"}],"about":[{"href":"https:\/\/ultratendency.academy\/de\/wp-json\/wp\/v2\/types\/page"}],"author":[{"embeddable":true,"href":"https:\/\/ultratendency.academy\/de\/wp-json\/wp\/v2\/users\/1"}],"replies":[{"embeddable":true,"href":"https:\/\/ultratendency.academy\/de\/wp-json\/wp\/v2\/comments?post=5902"}],"version-history":[{"count":0,"href":"https:\/\/ultratendency.academy\/de\/wp-json\/wp\/v2\/pages\/5902\/revisions"}],"wp:attachment":[{"href":"https:\/\/ultratendency.academy\/de\/wp-json\/wp\/v2\/media?parent=5902"}],"curies":[{"name":"wp","href":"https:\/\/api.w.org\/{rel}","templated":true}]}}